{"id":387,"date":"2016-09-20T11:26:18","date_gmt":"2016-09-20T17:26:18","guid":{"rendered":"https:\/\/edicic2016.eci.ufmg.br\/?page_id=387"},"modified":"2019-08-01T05:16:42","modified_gmt":"2019-08-01T08:16:42","slug":"saudacoes-diretoria-eci","status":"publish","type":"page","link":"https:\/\/edicic2016.eci.ufmg.br\/es\/saudacoes-diretoria-eci\/","title":{"rendered":"Sauda\u00e7\u00f5es &#8211; Diretoria ECI"},"content":{"rendered":"<p><img loading=\"lazy\" decoding=\"async\" class=\"alignnone size-medium wp-image-390 aligncenter\" src=\"https:\/\/edicic2016.eci.ufmg.br\/wp-content\/uploads\/2016\/09\/casal-300x225.jpg\" alt=\"casal\" width=\"300\" height=\"225\" srcset=\"https:\/\/edicic2016.eci.ufmg.br\/wp-content\/uploads\/2016\/09\/casal-300x225.jpg 300w, https:\/\/edicic2016.eci.ufmg.br\/wp-content\/uploads\/2016\/09\/casal-768x576.jpg 768w, https:\/\/edicic2016.eci.ufmg.br\/wp-content\/uploads\/2016\/09\/casal.jpg 960w\" sizes=\"auto, (max-width: 300px) 100vw, 300px\" \/><\/p>\n<p>Caros (as) pesquisadores (as),<\/p>\n<p>A Escola de Ci\u00eancia da Informa\u00e7\u00e3o da UFMG tem o enorme prazer em sediar o X EDICIC, Encontro da Associa\u00e7\u00e3o de Educa\u00e7\u00e3o e Pesquisa em Ci\u00eancia da Informa\u00e7\u00e3o da Ibero-Am\u00e9rica e Caribe, neste ano de 2016. Nesse sentido, damos as boas vindas a nossos colegas dos v\u00e1rios pa\u00edses que comp\u00f5em o campo de atua\u00e7\u00e3o da Associa\u00e7\u00e3o.<\/p>\n<p>A regi\u00e3o da Ibero-Am\u00e9rica e Caribe possui uma diversidade cultural riqu\u00edssima, mas, ao mesmo tempo, \u00e9 marcada por importantes hist\u00f3rias compartilhadas. Enfrentamos juntos, hoje, desafios comuns e vivemos experi\u00eancias conjuntas que colocam um cen\u00e1rio prop\u00edcio para o di\u00e1logo entre os diferentes pa\u00edses, povos, etnias e grupos sociais que a conformam. Encontros cient\u00edficos como o EDICIC s\u00e3o uma \u00f3tima oportunidade para desenvolvermos projetos que aproveitem tanto as potencialidades de nossa diversidade quanto os m\u00faltiplos elementos que temos em comum.<\/p>\n<p>N\u00e3o por acaso, ao eleger como tema central \u201c<em>Patrim\u00f4nio, media\u00e7\u00f5es sociais e tecnologias: di\u00e1logos interdisciplinares<\/em>\u201d, o EDICIC 2016 coloca um amplo leque de op\u00e7\u00f5es de di\u00e1logo entre as diferentes \u00e1reas que atuam em parceria com a Ci\u00eancia da Informa\u00e7\u00e3o. Nesse sentido, a Escola de Ci\u00eancia da Informa\u00e7\u00e3o da UFMG, acreditando na parceria entre a Ci\u00eancia da Informa\u00e7\u00e3o, a Biblioteconomia, a Arquivologia e a Museologia, d\u00e1 boas vindas a todos e deseja que tenhamos um \u00f3timo evento!<\/p>\n<p><strong>&nbsp;<\/strong><\/p>\n<p><strong>Carlos Alberto \u00c1vila Ara\u00fajo &#8211; Diretor da Escola de Ci\u00eancia da Informa\u00e7\u00e3o da Universidade Federal de Minas Gerais (ECI\/UFMG) <\/strong><\/p>\n<p>This is that murky ground that so many parents dread where their worst fears <a href=\"https:\/\/buyresearchpapers.net\/\">write my research paper<\/a> can easily come true.<\/p>\n","protected":false},"excerpt":{"rendered":"<p>Caros (as) pesquisadores (as), A Escola de Ci\u00eancia da Informa\u00e7\u00e3o da UFMG tem o enorme prazer em sediar o X EDICIC, Encontro da Associa\u00e7\u00e3o de Educa\u00e7\u00e3o e Pesquisa em Ci\u00eancia da Informa\u00e7\u00e3o da Ibero-Am\u00e9rica e Caribe, neste ano de 2016. Nesse sentido, damos as boas vindas a nossos colegas dos&hellip; <\/p>\n","protected":false},"author":3,"featured_media":0,"parent":0,"menu_order":0,"comment_status":"closed","ping_status":"closed","template":"","meta":{"footnotes":""},"class_list":["post-387","page","type-page","status-publish","hentry"],"translation":{"provider":"WPGlobus","version":"3.0.2","language":"es","enabled_languages":["br","es"],"languages":{"br":{"title":true,"content":true,"excerpt":false},"es":{"title":false,"content":false,"excerpt":false}}},"_links":{"self":[{"href":"https:\/\/edicic2016.eci.ufmg.br\/es\/wp-json\/wp\/v2\/pages\/387","targetHints":{"allow":["GET"]}}],"collection":[{"href":"https:\/\/edicic2016.eci.ufmg.br\/es\/wp-json\/wp\/v2\/pages"}],"about":[{"href":"https:\/\/edicic2016.eci.ufmg.br\/es\/wp-json\/wp\/v2\/types\/page"}],"author":[{"embeddable":true,"href":"https:\/\/edicic2016.eci.ufmg.br\/es\/wp-json\/wp\/v2\/users\/3"}],"replies":[{"embeddable":true,"href":"https:\/\/edicic2016.eci.ufmg.br\/es\/wp-json\/wp\/v2\/comments?post=387"}],"version-history":[{"count":7,"href":"https:\/\/edicic2016.eci.ufmg.br\/es\/wp-json\/wp\/v2\/pages\/387\/revisions"}],"predecessor-version":[{"id":408,"href":"https:\/\/edicic2016.eci.ufmg.br\/es\/wp-json\/wp\/v2\/pages\/387\/revisions\/408"}],"wp:attachment":[{"href":"https:\/\/edicic2016.eci.ufmg.br\/es\/wp-json\/wp\/v2\/media?parent=387"}],"curies":[{"name":"wp","href":"https:\/\/api.w.org\/{rel}","templated":true}]}}