{"id":296,"date":"2016-06-09T11:37:45","date_gmt":"2016-06-09T17:37:45","guid":{"rendered":"https:\/\/edicic2016.eci.ufmg.br\/?page_id=296"},"modified":"2019-08-01T05:16:42","modified_gmt":"2019-08-01T08:16:42","slug":"lancamento-de-livro","status":"publish","type":"page","link":"https:\/\/edicic2016.eci.ufmg.br\/es\/lancamento-de-livro\/","title":{"rendered":"LAN\u00c7AMENTO DE LIVRO"},"content":{"rendered":"<p><img loading=\"lazy\" decoding=\"async\" class=\"size-large wp-image-297 aligncenter\" src=\"https:\/\/edicic2016.eci.ufmg.br\/wp-content\/uploads\/2016\/06\/flyer-1-1024x724.jpg\" alt=\"flyer 1\" width=\"700\" height=\"495\" srcset=\"https:\/\/edicic2016.eci.ufmg.br\/wp-content\/uploads\/2016\/06\/flyer-1-1024x724.jpg 1024w, https:\/\/edicic2016.eci.ufmg.br\/wp-content\/uploads\/2016\/06\/flyer-1-300x212.jpg 300w, https:\/\/edicic2016.eci.ufmg.br\/wp-content\/uploads\/2016\/06\/flyer-1-768x543.jpg 768w\" sizes=\"auto, (max-width: 700px) 100vw, 700px\" \/><\/p>\n<p>&nbsp;<\/p>\n<h3 style=\"text-align: center;\"><strong>Instrucciones para los autores interesados \u200b\u200ben participar de la presentaci\u00f3n de libros en X EDICIC\u00a0<\/strong><\/h3>\n<p>&nbsp;<\/p>\n<ol>\n<li>Se requiere que el autor haga la inscripci\u00f3n en al menos uno de los Eventos;<\/li>\n<li>El lanzamiento de libros, publicados en el per\u00edodo 2015-2016, se llevar\u00e1 a cabo durante el intervalo de la programaci\u00f3n;<\/li>\n<li>La distribuci\u00f3n y la organizaci\u00f3n de la participaci\u00f3n de los autores seguir\u00e1n la fecha de recepci\u00f3n de mensajes;<\/li>\n<li>Habr\u00e1 espacio disponible equipado con mesas y sillas para los autores;<\/li>\n<li>Cada autor es responsable por la comercializaci\u00f3n de su libro, por lo tanto, el equipo organizador no es responsable de la recepci\u00f3n de valores;<\/li>\n<li>Como contribuci\u00f3n, sugerimos donar un ejemplar del libro para la Biblioteca \u2018Profesora Etelvina de Lima\u2019, de la Escuela de Ciencia de la Informaci\u00f3n &#8211; UFMG;<\/li>\n<li>Los autores que est\u00e1n de acuerdo con las instrucciones arriba, por favor confirmar su participaci\u00f3n por e-mail: gfrancinne@gmail.com.<\/li>\n<\/ol>\n","protected":false},"excerpt":{"rendered":"<p>&nbsp; Instrucciones para los autores interesados \u200b\u200ben participar de la presentaci\u00f3n de libros en X EDICIC\u00a0 &nbsp; Se requiere que el autor haga la inscripci\u00f3n en al menos uno de los Eventos; El lanzamiento de libros, publicados en el per\u00edodo 2015-2016, se llevar\u00e1 a cabo durante el intervalo de la&hellip; <\/p>\n","protected":false},"author":3,"featured_media":0,"parent":0,"menu_order":0,"comment_status":"closed","ping_status":"closed","template":"","meta":{"footnotes":""},"class_list":["post-296","page","type-page","status-publish","hentry"],"translation":{"provider":"WPGlobus","version":"3.0.2","language":"es","enabled_languages":["br","es"],"languages":{"br":{"title":true,"content":true,"excerpt":false},"es":{"title":false,"content":true,"excerpt":false}}},"_links":{"self":[{"href":"https:\/\/edicic2016.eci.ufmg.br\/es\/wp-json\/wp\/v2\/pages\/296","targetHints":{"allow":["GET"]}}],"collection":[{"href":"https:\/\/edicic2016.eci.ufmg.br\/es\/wp-json\/wp\/v2\/pages"}],"about":[{"href":"https:\/\/edicic2016.eci.ufmg.br\/es\/wp-json\/wp\/v2\/types\/page"}],"author":[{"embeddable":true,"href":"https:\/\/edicic2016.eci.ufmg.br\/es\/wp-json\/wp\/v2\/users\/3"}],"replies":[{"embeddable":true,"href":"https:\/\/edicic2016.eci.ufmg.br\/es\/wp-json\/wp\/v2\/comments?post=296"}],"version-history":[{"count":8,"href":"https:\/\/edicic2016.eci.ufmg.br\/es\/wp-json\/wp\/v2\/pages\/296\/revisions"}],"predecessor-version":[{"id":302,"href":"https:\/\/edicic2016.eci.ufmg.br\/es\/wp-json\/wp\/v2\/pages\/296\/revisions\/302"}],"wp:attachment":[{"href":"https:\/\/edicic2016.eci.ufmg.br\/es\/wp-json\/wp\/v2\/media?parent=296"}],"curies":[{"name":"wp","href":"https:\/\/api.w.org\/{rel}","templated":true}]}}