{"id":144,"date":"2016-03-29T13:07:19","date_gmt":"2016-03-29T19:07:19","guid":{"rendered":"https:\/\/edicic2016.eci.ufmg.br\/?page_id=144"},"modified":"2019-08-01T05:16:43","modified_gmt":"2019-08-01T08:16:43","slug":"inscricoes","status":"publish","type":"page","link":"https:\/\/edicic2016.eci.ufmg.br\/es\/inscricoes\/","title":{"rendered":"INSCRIPCIONES"},"content":{"rendered":"<p>Los interesados en\u00a0 inscribirse en el evento,\u00a0deber\u00e1n pagar la tasa de inscripci\u00f3n correspondiente a su categor\u00eda, conforme especificado a continuaci\u00f3n:<\/p>\n<p>&nbsp;<\/p>\n<p><strong>Profesores e investigadores<\/strong><\/p>\n<p><em>200\u00a0reales<\/em><\/p>\n<p>&nbsp;<\/p>\n<p><strong>Alumnos de posgrado<\/strong><\/p>\n<p><em>140\u00a0reales<\/em><\/p>\n<p>&nbsp;<\/p>\n<p><strong>Alumnos de graduaci\u00f3n<\/strong><\/p>\n<p><em>60\u00a0 reales<\/em><\/p>\n<h2><\/h2>\n<h2><span style=\"color: #ff0000;\"><strong>Para inscribirse hacer clic<\/strong> <a style=\"color: #ff0000;\" href=\"http:\/\/www.cursoseeventos.ufmg.br\/CAE\/DetalharCae.aspx?CAE=7291\">aqu\u00ed.<\/a><\/span><\/h2>\n<p>&nbsp;<\/p>\n<p><strong>Obs.: interesados en participar solamente como oyentes debe llevar a cabo el registro en su categor\u00eda (profesor , investigador, estudiante de tercer ciclo , estudiante de doctorado ) y recibir\u00e1 un certificado de participante.<\/strong><\/p>\n","protected":false},"excerpt":{"rendered":"<p>Los interesados en\u00a0 inscribirse en el evento,\u00a0deber\u00e1n pagar la tasa de inscripci\u00f3n correspondiente a su categor\u00eda, conforme especificado a continuaci\u00f3n: &nbsp; Profesores e investigadores 200\u00a0reales &nbsp; Alumnos de posgrado 140\u00a0reales &nbsp; Alumnos de graduaci\u00f3n 60\u00a0 reales Para inscribirse hacer clic aqu\u00ed. &nbsp; Obs.: interesados en participar solamente como oyentes debe&hellip; <\/p>\n","protected":false},"author":3,"featured_media":118,"parent":0,"menu_order":0,"comment_status":"closed","ping_status":"closed","template":"","meta":{"footnotes":""},"class_list":["post-144","page","type-page","status-publish","has-post-thumbnail","hentry"],"translation":{"provider":"WPGlobus","version":"3.0.2","language":"es","enabled_languages":["br","es"],"languages":{"br":{"title":true,"content":true,"excerpt":false},"es":{"title":true,"content":true,"excerpt":false}}},"_links":{"self":[{"href":"https:\/\/edicic2016.eci.ufmg.br\/es\/wp-json\/wp\/v2\/pages\/144","targetHints":{"allow":["GET"]}}],"collection":[{"href":"https:\/\/edicic2016.eci.ufmg.br\/es\/wp-json\/wp\/v2\/pages"}],"about":[{"href":"https:\/\/edicic2016.eci.ufmg.br\/es\/wp-json\/wp\/v2\/types\/page"}],"author":[{"embeddable":true,"href":"https:\/\/edicic2016.eci.ufmg.br\/es\/wp-json\/wp\/v2\/users\/3"}],"replies":[{"embeddable":true,"href":"https:\/\/edicic2016.eci.ufmg.br\/es\/wp-json\/wp\/v2\/comments?post=144"}],"version-history":[{"count":25,"href":"https:\/\/edicic2016.eci.ufmg.br\/es\/wp-json\/wp\/v2\/pages\/144\/revisions"}],"predecessor-version":[{"id":385,"href":"https:\/\/edicic2016.eci.ufmg.br\/es\/wp-json\/wp\/v2\/pages\/144\/revisions\/385"}],"wp:featuredmedia":[{"embeddable":true,"href":"https:\/\/edicic2016.eci.ufmg.br\/es\/wp-json\/wp\/v2\/media\/118"}],"wp:attachment":[{"href":"https:\/\/edicic2016.eci.ufmg.br\/es\/wp-json\/wp\/v2\/media?parent=144"}],"curies":[{"name":"wp","href":"https:\/\/api.w.org\/{rel}","templated":true}]}}